{"id":2,"date":"2023-09-20T15:39:18","date_gmt":"2023-09-20T15:39:18","guid":{"rendered":"http:\/\/ktulacz.ovh\/?page_id=2"},"modified":"2023-11-03T14:39:32","modified_gmt":"2023-11-03T13:39:32","slug":"sample-page","status":"publish","type":"page","link":"https:\/\/cdlkingatulacz.pl\/","title":{"rendered":"Strona g\u0142\u00f3wna"},"content":{"rendered":"\n<div class=\"wp-block-media-text has-media-on-the-right is-stacked-on-mobile is-image-fill is-style-default\" style=\"grid-template-columns:auto 26%\"><div class=\"wp-block-media-text__content\">\n<h4 class=\"wp-block-heading\" style=\"margin-top:0px\">Um\u00f3w si\u0119 na wizyt\u0119 w gabinecie<\/h4>\n\n\n\n<p>Porada laktacyjna podczas kt\u00f3rej po zebraniu wywiadu zbadam mam\u0119 oraz dziecko, nast\u0119pnie oceni\u0119 akt karmienia oraz zaproponuj\u0119 odpowiednie post\u0119powanie oraz wsp\u00f3lnie ustalimy plan dzia\u0142ania.<\/p>\n\n\n\n<p>Przygotowanie do karmienia podczas kt\u00f3rego om\u00f3wimy jak najlepiej zacz\u0105\u0107 karmienie, poznasz r\u00f3\u017cne pozycje do karmienia, dowiesz si\u0119 jak prawid\u0142owo przystawi\u0107 dziecko i na co zwraca\u0107 szczeg\u00f3ln\u0105 uwag\u0119.<\/p>\n\n\n\n<div class=\"wp-block-buttons mt-3 is-layout-flex wp-block-buttons-is-layout-flex\">\n<div class=\"wp-block-button is-style-fill\"><a class=\"wp-block-button__link wp-element-button\" href=\"https:\/\/ktulacz.ovh\/index.php\/umow-wizyte\/\">Um\u00f3w wizyt\u0119<\/a><\/div>\n\n\n\n<div class=\"wp-block-button is-style-arrow-transparent\"><a class=\"wp-block-button__link wp-element-button\" href=\"https:\/\/ktulacz.ovh\/index.php\/o-mnie\/\">O mnie<\/a><\/div>\n<\/div>\n<\/div><figure class=\"wp-block-media-text__media\" style=\"background-image:url(https:\/\/ktulacz.ovh\/wp-content\/uploads\/2023\/11\/wp.png);background-position:48% 0%\"><img loading=\"lazy\" decoding=\"async\" width=\"914\" height=\"912\" src=\"https:\/\/ktulacz.ovh\/wp-content\/uploads\/2023\/11\/wp.png\" alt=\"\" class=\"wp-image-125 size-full\" srcset=\"https:\/\/cdlkingatulacz.pl\/wp-content\/uploads\/2023\/11\/wp.png 914w, https:\/\/cdlkingatulacz.pl\/wp-content\/uploads\/2023\/11\/wp-300x300.png 300w, https:\/\/cdlkingatulacz.pl\/wp-content\/uploads\/2023\/11\/wp-150x150.png 150w, https:\/\/cdlkingatulacz.pl\/wp-content\/uploads\/2023\/11\/wp-768x766.png 768w, https:\/\/cdlkingatulacz.pl\/wp-content\/uploads\/2023\/11\/wp-857x855.png 857w\" sizes=\"auto, (max-width: 914px) 100vw, 914px\" \/><\/figure><\/div>\n\n\n\n<div style=\"height:60px\" aria-hidden=\"true\" class=\"wp-block-spacer\"><\/div>\n\n\n\n<div class=\"wp-block-columns cols-bordered cols-padding gap-30 pt-2 pb-3 is-layout-flex wp-container-core-columns-is-layout-9d6595d7 wp-block-columns-is-layout-flex\">\n<div class=\"wp-block-column is-layout-flow wp-block-column-is-layout-flow\">\n<figure class=\"wp-block-image aligncenter size-thumbnail is-resized\"><img loading=\"lazy\" decoding=\"async\" width=\"150\" height=\"150\" src=\"https:\/\/ktulacz.ovh\/wp-content\/uploads\/2023\/11\/WhatsApp-Image-2023-11-02-at-14.25.48-150x150.jpeg\" alt=\"\" class=\"wp-image-139\" style=\"object-fit:cover;width:150px;height:150px\"\/><\/figure>\n\n\n\n<h3 class=\"wp-block-heading has-text-align-center mt-05 mb-05\">Oferta<\/h3>\n\n\n\n<p class=\"has-text-align-center is-style-small-text\" style=\"font-size:16px\">Porada laktacyjna w gabinecie \u2013 250 z\u0142<\/p>\n\n\n\n<p class=\"has-text-align-center is-style-default\" style=\"font-size:16px\">Czas trwania 1 &#8211; 1,5 h<\/p>\n\n\n\n<p class=\"has-text-align-center is-style-small-text\" style=\"font-size:16px\">Przygotowanie do karmienia \u2013 250 z\u0142<\/p>\n\n\n\n<p class=\"has-text-align-center is-style-default\" style=\"font-size:16px\">Czas trwania ok. 1 h<\/p>\n<\/div>\n\n\n\n<div class=\"wp-block-column is-layout-flow wp-block-column-is-layout-flow\">\n<figure class=\"wp-block-image aligncenter size-thumbnail is-resized\"><img loading=\"lazy\" decoding=\"async\" width=\"150\" height=\"150\" src=\"https:\/\/ktulacz.ovh\/wp-content\/uploads\/2023\/11\/WhatsApp-Image-2023-11-02-at-14.26.05-150x150.jpeg\" alt=\"\" class=\"wp-image-141\" style=\"object-fit:cover;width:150px;height:150px\"\/><\/figure>\n\n\n\n<h3 class=\"wp-block-heading has-text-align-center mt-05 mb-05\">Um\u00f3w wizyt\u0119<\/h3>\n\n\n\n<div class=\"wp-block-button aligncenter\"><a class=\"wp-block-button__link wp-element-button\" href=\"https:\/\/ktulacz.ovh\/index.php\/umow-wizyte\/\">Przejd\u017a do kalendarza<\/a><\/div>\n<\/div>\n\n\n\n<div class=\"wp-block-column is-layout-flow wp-block-column-is-layout-flow\">\n<figure class=\"wp-block-image aligncenter size-full is-resized is-style-default\"><img loading=\"lazy\" decoding=\"async\" width=\"700\" height=\"569\" src=\"https:\/\/ktulacz.ovh\/wp-content\/uploads\/2023\/11\/WhatsApp-Image-2023-11-02-at-14.26.39.jpeg\" alt=\"\" class=\"wp-image-142\" style=\"object-fit:cover;width:250px;height:150px\" srcset=\"https:\/\/cdlkingatulacz.pl\/wp-content\/uploads\/2023\/11\/WhatsApp-Image-2023-11-02-at-14.26.39.jpeg 700w, https:\/\/cdlkingatulacz.pl\/wp-content\/uploads\/2023\/11\/WhatsApp-Image-2023-11-02-at-14.26.39-300x244.jpeg 300w\" sizes=\"auto, (max-width: 700px) 100vw, 700px\" \/><\/figure>\n\n\n\n<h3 class=\"wp-block-heading has-text-align-center mt-05 mb-05\">Znajdziesz mnie r\u00f3wnie\u017c na:<\/h3>\n\n\n\n<ul class=\"wp-block-social-links has-visible-labels is-style-pill-shape is-horizontal is-content-justification-space-between is-layout-flex wp-container-core-social-links-is-layout-202c9dfe wp-block-social-links-is-layout-flex\"><li class=\"wp-social-link wp-social-link-facebook  wp-block-social-link\"><a href=\"https:\/\/www.facebook.com\/profile.php?id=61550688459999\" class=\"wp-block-social-link-anchor\"><svg width=\"24\" height=\"24\" viewBox=\"0 0 24 24\" version=\"1.1\" xmlns=\"http:\/\/www.w3.org\/2000\/svg\" aria-hidden=\"true\" focusable=\"false\"><path d=\"M12 2C6.5 2 2 6.5 2 12c0 5 3.7 9.1 8.4 9.9v-7H7.9V12h2.5V9.8c0-2.5 1.5-3.9 3.8-3.9 1.1 0 2.2.2 2.2.2v2.5h-1.3c-1.2 0-1.6.8-1.6 1.6V12h2.8l-.4 2.9h-2.3v7C18.3 21.1 22 17 22 12c0-5.5-4.5-10-10-10z\"><\/path><\/svg><span class=\"wp-block-social-link-label\">Facebook<\/span><\/a><\/li>\n\n<li class=\"wp-social-link wp-social-link-instagram  wp-block-social-link\"><a href=\"https:\/\/instagram.com\/cdl_kinga_tulacz?igshid=NGVhN2U2NjQ0Yg==\" class=\"wp-block-social-link-anchor\"><svg width=\"24\" height=\"24\" viewBox=\"0 0 24 24\" version=\"1.1\" xmlns=\"http:\/\/www.w3.org\/2000\/svg\" aria-hidden=\"true\" focusable=\"false\"><path d=\"M12,4.622c2.403,0,2.688,0.009,3.637,0.052c0.877,0.04,1.354,0.187,1.671,0.31c0.42,0.163,0.72,0.358,1.035,0.673 c0.315,0.315,0.51,0.615,0.673,1.035c0.123,0.317,0.27,0.794,0.31,1.671c0.043,0.949,0.052,1.234,0.052,3.637 s-0.009,2.688-0.052,3.637c-0.04,0.877-0.187,1.354-0.31,1.671c-0.163,0.42-0.358,0.72-0.673,1.035 c-0.315,0.315-0.615,0.51-1.035,0.673c-0.317,0.123-0.794,0.27-1.671,0.31c-0.949,0.043-1.233,0.052-3.637,0.052 s-2.688-0.009-3.637-0.052c-0.877-0.04-1.354-0.187-1.671-0.31c-0.42-0.163-0.72-0.358-1.035-0.673 c-0.315-0.315-0.51-0.615-0.673-1.035c-0.123-0.317-0.27-0.794-0.31-1.671C4.631,14.688,4.622,14.403,4.622,12 s0.009-2.688,0.052-3.637c0.04-0.877,0.187-1.354,0.31-1.671c0.163-0.42,0.358-0.72,0.673-1.035 c0.315-0.315,0.615-0.51,1.035-0.673c0.317-0.123,0.794-0.27,1.671-0.31C9.312,4.631,9.597,4.622,12,4.622 M12,3 C9.556,3,9.249,3.01,8.289,3.054C7.331,3.098,6.677,3.25,6.105,3.472C5.513,3.702,5.011,4.01,4.511,4.511 c-0.5,0.5-0.808,1.002-1.038,1.594C3.25,6.677,3.098,7.331,3.054,8.289C3.01,9.249,3,9.556,3,12c0,2.444,0.01,2.751,0.054,3.711 c0.044,0.958,0.196,1.612,0.418,2.185c0.23,0.592,0.538,1.094,1.038,1.594c0.5,0.5,1.002,0.808,1.594,1.038 c0.572,0.222,1.227,0.375,2.185,0.418C9.249,20.99,9.556,21,12,21s2.751-0.01,3.711-0.054c0.958-0.044,1.612-0.196,2.185-0.418 c0.592-0.23,1.094-0.538,1.594-1.038c0.5-0.5,0.808-1.002,1.038-1.594c0.222-0.572,0.375-1.227,0.418-2.185 C20.99,14.751,21,14.444,21,12s-0.01-2.751-0.054-3.711c-0.044-0.958-0.196-1.612-0.418-2.185c-0.23-0.592-0.538-1.094-1.038-1.594 c-0.5-0.5-1.002-0.808-1.594-1.038c-0.572-0.222-1.227-0.375-2.185-0.418C14.751,3.01,14.444,3,12,3L12,3z M12,7.378 c-2.552,0-4.622,2.069-4.622,4.622S9.448,16.622,12,16.622s4.622-2.069,4.622-4.622S14.552,7.378,12,7.378z M12,15 c-1.657,0-3-1.343-3-3s1.343-3,3-3s3,1.343,3,3S13.657,15,12,15z M16.804,6.116c-0.596,0-1.08,0.484-1.08,1.08 s0.484,1.08,1.08,1.08c0.596,0,1.08-0.484,1.08-1.08S17.401,6.116,16.804,6.116z\"><\/path><\/svg><span class=\"wp-block-social-link-label\">Instagram<\/span><\/a><\/li><\/ul>\n<\/div>\n<\/div>\n\n\n\n<p><\/p>\n","protected":false},"excerpt":{"rendered":"<p>Oferta Porada laktacyjna w gabinecie \u2013 250 z\u0142 Czas trwania 1 &#8211; 1,5 h Przygotowanie do karmienia \u2013 250 z\u0142 Czas trwania ok. 1 h Um\u00f3w wizyt\u0119 Znajdziesz mnie r\u00f3wnie\u017c na:<\/p>\n","protected":false},"author":1,"featured_media":11,"parent":0,"menu_order":0,"comment_status":"closed","ping_status":"open","template":"","meta":{"footnotes":""},"class_list":["post-2","page","type-page","status-publish","has-post-thumbnail","hentry"],"_links":{"self":[{"href":"https:\/\/cdlkingatulacz.pl\/index.php\/wp-json\/wp\/v2\/pages\/2","targetHints":{"allow":["GET"]}}],"collection":[{"href":"https:\/\/cdlkingatulacz.pl\/index.php\/wp-json\/wp\/v2\/pages"}],"about":[{"href":"https:\/\/cdlkingatulacz.pl\/index.php\/wp-json\/wp\/v2\/types\/page"}],"author":[{"embeddable":true,"href":"https:\/\/cdlkingatulacz.pl\/index.php\/wp-json\/wp\/v2\/users\/1"}],"replies":[{"embeddable":true,"href":"https:\/\/cdlkingatulacz.pl\/index.php\/wp-json\/wp\/v2\/comments?post=2"}],"version-history":[{"count":23,"href":"https:\/\/cdlkingatulacz.pl\/index.php\/wp-json\/wp\/v2\/pages\/2\/revisions"}],"predecessor-version":[{"id":154,"href":"https:\/\/cdlkingatulacz.pl\/index.php\/wp-json\/wp\/v2\/pages\/2\/revisions\/154"}],"wp:featuredmedia":[{"embeddable":true,"href":"https:\/\/cdlkingatulacz.pl\/index.php\/wp-json\/wp\/v2\/media\/11"}],"wp:attachment":[{"href":"https:\/\/cdlkingatulacz.pl\/index.php\/wp-json\/wp\/v2\/media?parent=2"}],"curies":[{"name":"wp","href":"https:\/\/api.w.org\/{rel}","templated":true}]}}