{"id":44,"date":"2023-10-14T06:53:28","date_gmt":"2023-10-14T06:53:28","guid":{"rendered":"https:\/\/ktulacz.ovh\/?page_id=44"},"modified":"2023-11-03T12:54:43","modified_gmt":"2023-11-03T11:54:43","slug":"o-mnie","status":"publish","type":"page","link":"https:\/\/cdlkingatulacz.pl\/index.php\/o-mnie\/","title":{"rendered":"O mnie"},"content":{"rendered":"\n<div class=\"wp-block-cover aligncenter is-light\"><span aria-hidden=\"true\" class=\"wp-block-cover__background has-light-background-color has-background-dim\"><\/span><img loading=\"lazy\" decoding=\"async\" width=\"782\" height=\"247\" class=\"wp-block-cover__image-background wp-image-144\" alt=\"\" src=\"https:\/\/ktulacz.ovh\/wp-content\/uploads\/2023\/11\/WhatsApp-Image-2023-11-02-at-14.27.24.jpeg\" style=\"object-position:50% 50%\" data-object-fit=\"cover\" data-object-position=\"50% 50%\" srcset=\"https:\/\/cdlkingatulacz.pl\/wp-content\/uploads\/2023\/11\/WhatsApp-Image-2023-11-02-at-14.27.24.jpeg 782w, https:\/\/cdlkingatulacz.pl\/wp-content\/uploads\/2023\/11\/WhatsApp-Image-2023-11-02-at-14.27.24-300x95.jpeg 300w, https:\/\/cdlkingatulacz.pl\/wp-content\/uploads\/2023\/11\/WhatsApp-Image-2023-11-02-at-14.27.24-768x243.jpeg 768w\" sizes=\"auto, (max-width: 782px) 100vw, 782px\" \/><div class=\"wp-block-cover__inner-container is-layout-flow wp-block-cover-is-layout-flow\">\n<div class=\"wp-block-group screen has-normal-font-size is-layout-flow wp-block-group-is-layout-flow\" style=\"min-height:167px\">\n<p class=\"has-text-align-center mt-05 mb-15 has-dark-muted-color has-text-color has-huge-font-size\"> Opieka nad noworodkiem i pomoc jego rodzicom daje mi wiele satysfakcji oraz motywuje do dalszych dzia\u0142a\u0144. Natomiast dzielenie si\u0119 wiedz\u0105 i do\u015bwiadczeniem ze studentami powoduje, \u017ce pasja ta ci\u0105gle si\u0119 <strong>rozwija<\/strong>.&nbsp;<\/p>\n<\/div>\n<\/div><\/div>\n\n\n\n<div style=\"height:40px\" aria-hidden=\"true\" class=\"wp-block-spacer\"><\/div>\n\n\n\n<hr class=\"wp-block-separator has-css-opacity is-style-wide\"\/>\n\n\n\n<div style=\"height:40px\" aria-hidden=\"true\" class=\"wp-block-spacer\"><\/div>\n\n\n\n<div class=\"wp-block-columns is-layout-flex wp-container-core-columns-is-layout-9d6595d7 wp-block-columns-is-layout-flex\">\n<div class=\"wp-block-column is-layout-flow wp-block-column-is-layout-flow\">\n<h2 class=\"wp-block-heading is-style-decor2 has-xl-font-size\" style=\"margin-top:0px;margin-right:0px;margin-bottom:20px;margin-left:0px\"><strong>Kilka s\u0142\u00f3w o mnie<\/strong><\/h2>\n<\/div>\n\n\n\n<div class=\"wp-block-column is-layout-flow wp-block-column-is-layout-flow\">\n<figure class=\"wp-block-image aligncenter size-full is-style-shadow\"><img loading=\"lazy\" decoding=\"async\" width=\"1151\" height=\"1306\" src=\"https:\/\/ktulacz.ovh\/wp-content\/uploads\/2023\/11\/wp2.png\" alt=\"\" class=\"wp-image-135\" style=\"aspect-ratio:3\/4;object-fit:cover\" srcset=\"https:\/\/cdlkingatulacz.pl\/wp-content\/uploads\/2023\/11\/wp2.png 1151w, https:\/\/cdlkingatulacz.pl\/wp-content\/uploads\/2023\/11\/wp2-264x300.png 264w, https:\/\/cdlkingatulacz.pl\/wp-content\/uploads\/2023\/11\/wp2-902x1024.png 902w, https:\/\/cdlkingatulacz.pl\/wp-content\/uploads\/2023\/11\/wp2-768x871.png 768w, https:\/\/cdlkingatulacz.pl\/wp-content\/uploads\/2023\/11\/wp2-754x855.png 754w\" sizes=\"auto, (max-width: 1151px) 100vw, 1151px\" \/><\/figure>\n<\/div>\n\n\n\n<div class=\"wp-block-column is-layout-flow wp-block-column-is-layout-flow\" style=\"padding-right:20px;padding-left:20px\">\n<p class=\"has-text-align-left\">Po\u0142o\u017cn\u0105 jestem od 2010 roku. Od tego czasu wspieram przysz\u0142e i m\u0142ode mamy w macierzy\u0144stwie. Do\u015bwiadczenie zawodowe zdobywa\u0142am pracuj\u0105c w szpitalu na oddziale neonatologicznym oraz po\u0142o\u017cniczym, a tak\u017ce w \u017c\u0142obku.<\/p>\n\n\n\n<p class=\"has-text-align-left\">Od kilku lat zajmuj\u0119 stanowisko wyk\u0142adowcy na Uniwersytecie Medycznym we Wroc\u0142awiu oraz pracuje jako po\u0142o\u017cna \u015brodowiskowa w przychodni Pro-med. Posiadam tytu\u0142 Certyfikowanego Doradcy Laktacyjnego, kt\u00f3ry zwie\u0144czy\u0142 moje zainteresowanie laktacj\u0105.<\/p>\n\n\n\n<p>Swoj\u0105 wiedz\u0119 na tematy \u017cywieniowe zdobywa\u0142am w trakcie studi\u00f3w podyplomowych \u201e\u017bywienie cz\u0142owieka w profilaktyce zdrowotnej\u201d.<\/p>\n<\/div>\n<\/div>\n\n\n\n<div style=\"height:40px\" aria-hidden=\"true\" class=\"wp-block-spacer\"><\/div>\n\n\n\n<hr class=\"wp-block-separator has-css-opacity is-style-wide\"\/>\n\n\n\n<div style=\"height:60px\" aria-hidden=\"true\" class=\"wp-block-spacer\"><\/div>\n\n\n\n<div class=\"wp-block-columns cols-single-sm gap-50 pt-4 pb-2 is-layout-flex wp-container-core-columns-is-layout-9d6595d7 wp-block-columns-is-layout-flex\">\n<div class=\"wp-block-column is-layout-flow wp-block-column-is-layout-flow\">\n<figure class=\"wp-block-image aligncenter size-large is-resized mb-0\"><img decoding=\"async\" src=\"https:\/\/ktulacz.ovh\/wp-content\/themes\/exs\/assets\/img\/mail-outline.png\" alt=\"\" class=\"wp-image-501\"\/><\/figure>\n\n\n\n<h4 class=\"wp-block-heading has-text-align-center mt-05 mb-0\"><strong>Email<\/strong><\/h4>\n\n\n\n<p class=\"has-text-align-center mt-1\"><a href=\"mailto:mail@example.com\"><\/a><a href=\"mailto:kingatulacz@gmail.com\">kingatulacz@gmail.com<\/a><\/p>\n<\/div>\n\n\n\n<div class=\"wp-block-column is-layout-flow wp-block-column-is-layout-flow\">\n<figure class=\"wp-block-image aligncenter size-large is-resized mb-0\"><img decoding=\"async\" src=\"https:\/\/ktulacz.ovh\/wp-content\/themes\/exs\/assets\/img\/call-outline.png\" alt=\"\" class=\"wp-image-524\"\/><\/figure>\n\n\n\n<h4 class=\"wp-block-heading has-text-align-center mt-05 mb-0\"><strong>Telefon<\/strong><\/h4>\n\n\n\n<p class=\"has-text-align-center mt-1\">+48 667 204 469<\/p>\n<\/div>\n\n\n\n<div class=\"wp-block-column is-vertically-aligned-top is-layout-flow wp-block-column-is-layout-flow\">\n<figure class=\"wp-block-image aligncenter size-large is-resized mb-0\"><img decoding=\"async\" src=\"https:\/\/ktulacz.ovh\/wp-content\/themes\/exs\/assets\/img\/location-outline.png\" alt=\"\" class=\"wp-image-502\"\/><\/figure>\n\n\n\n<h4 class=\"wp-block-heading has-text-align-center mt-05 mb-0\"><strong>Adres<\/strong><\/h4>\n\n\n\n<p class=\"has-text-align-center mt-1\">Przychodnia Pro-med, <br>ul. Kamie\u0144skiego 142, Wroc\u0142aw<\/p>\n<\/div>\n\n\n\n<div class=\"wp-block-column is-layout-flow wp-block-column-is-layout-flow\">\n<figure class=\"wp-block-image aligncenter size-large is-resized mb-0\"><img decoding=\"async\" src=\"https:\/\/ktulacz.ovh\/wp-content\/themes\/exs\/assets\/img\/alarm-outline.png\" alt=\"\" class=\"wp-image-500\"\/><\/figure>\n\n\n\n<h4 class=\"wp-block-heading has-text-align-center mt-05 mb-0\"><strong>Godziny otwarcia<\/strong><\/h4>\n\n\n\n<p class=\"has-text-align-center mt-1\"><strong>WTOREK:<\/strong> 8:00-12:00<br>       <strong>PI\u0104TEK:<\/strong> 8:00-16:00        <\/p>\n<\/div>\n<\/div>\n\n\n\n<hr class=\"wp-block-separator has-alpha-channel-opacity is-style-wide\"\/>\n\n\n\n<h2 class=\"wp-block-heading is-style-decor2 has-xl-font-size\" style=\"font-style:normal;font-weight:500\">Dzia\u0142alno\u015b\u0107 naukowa<\/h2>\n\n\n\n<p>Jest te\u017c we mnie troch\u0119 duszy naukowca, dlatego zach\u0119cam do zapoznania si\u0119 z pracami, kt\u00f3re powsta\u0142y z moim udzia\u0142em:<\/p>\n\n\n\n<div style=\"height:60px\" aria-hidden=\"true\" class=\"wp-block-spacer\"><\/div>\n\n\n\n<div class=\"wp-block-group is-layout-flow wp-block-group-is-layout-flow\">\n<div class=\"wp-block-columns is-layout-flex wp-container-core-columns-is-layout-9d6595d7 wp-block-columns-is-layout-flex\">\n<div class=\"wp-block-column is-layout-flow wp-block-column-is-layout-flow\" style=\"flex-basis:100%\">\n<p><a href=\"https:\/\/bpp.umw.edu.pl\/bpp\/rekord\/37,91658\/\">Concerns of pregnant women and women in childbed during the pandemic = Obawy kobiet ci\u0119\u017carnych i kobiet w okresie po\u0142ogu w czasie pandemii &#8211; badanie pilota\u017cowe.&nbsp;[AUT. KORESP.] KINGA TU\u0141ACZ, [AUT.] BARBARA WIERZBICKA, MARTA BERGHAUSEN-MAZUR.&nbsp;<em>Piel\u0119gniarstwo XXI wieku<\/em>&nbsp;2021 Vol.20 no.1 s.15-21, tab., bibliogr. 21 poz., streszcz., summ. DOI: 10.2478\/pielxxiw-2021-0001<\/a><\/p>\n<\/div>\n<\/div>\n\n\n\n<div style=\"height:15px\" aria-hidden=\"true\" class=\"wp-block-spacer\"><\/div>\n\n\n\n<hr class=\"wp-block-separator has-alpha-channel-opacity is-style-wide\"\/>\n\n\n\n<div style=\"height:36px\" aria-hidden=\"true\" class=\"wp-block-spacer\"><\/div>\n\n\n\n<div class=\"wp-block-columns is-layout-flex wp-container-core-columns-is-layout-9d6595d7 wp-block-columns-is-layout-flex\">\n<div class=\"wp-block-column is-layout-flow wp-block-column-is-layout-flow\" style=\"flex-basis:100%\">\n<p><a href=\"https:\/\/bpp.umw.edu.pl\/bpp\/rekord\/37,92998\/\">Problems of nursing care of prematurely born children with haemorrhagic hydrocephalus &#8211; case report.&nbsp;[AUT.] MARIA KRUPKA, [AUT. KORESP.] KINGA TU\u0141ACZ.&nbsp;<em>Piel\u0119g.Neurol.Neurochir.<\/em>&nbsp;2021 Vol.10 no.1 s.42-47, bibliogr. 18 poz., streszcz., summ. DOI: 10.15225\/PNN.2021.10.1.6<\/a><\/p>\n<\/div>\n<\/div>\n\n\n\n<div style=\"height:15px\" aria-hidden=\"true\" class=\"wp-block-spacer\"><\/div>\n\n\n\n<hr class=\"wp-block-separator has-alpha-channel-opacity is-style-wide\"\/>\n\n\n\n<div style=\"height:36px\" aria-hidden=\"true\" class=\"wp-block-spacer\"><\/div>\n\n\n\n<div class=\"wp-block-columns is-layout-flex wp-container-core-columns-is-layout-9d6595d7 wp-block-columns-is-layout-flex\">\n<div class=\"wp-block-column is-layout-flow wp-block-column-is-layout-flow\" style=\"flex-basis:100%\">\n<p><a href=\"https:\/\/bpp.umw.edu.pl\/bpp\/rekord\/37,93768\/\">Analiza problem\u00f3w zdrowotnych noworodka z rybi\u0105 \u0142usk\u0105 (Analysis of health problems of a newborn with ichthyosis).&nbsp;[AUT.] EWA RADKOWSKA, [AUT. KORESP.] KINGA TU\u0141ACZ.&nbsp;<em>Wsp\u00f3\u0142cz.Piel\u0119g.Ochr.Zdr.<\/em>&nbsp;2021 Vol.10 nr 1-4 s.25-27, bibliogr. 11 poz., streszcz., summ, Publikacja w czasopi\u015bmie spoza listy MNiSW.<\/a><\/p>\n<\/div>\n<\/div>\n\n\n\n<div style=\"height:15px\" aria-hidden=\"true\" class=\"wp-block-spacer\"><\/div>\n\n\n\n<hr class=\"wp-block-separator has-alpha-channel-opacity is-style-wide\"\/>\n\n\n\n<div style=\"height:36px\" aria-hidden=\"true\" class=\"wp-block-spacer\"><\/div>\n\n\n\n<div class=\"wp-block-columns are-vertically-aligned-top is-layout-flex wp-container-core-columns-is-layout-9d6595d7 wp-block-columns-is-layout-flex\">\n<div class=\"wp-block-column is-vertically-aligned-top is-layout-flow wp-block-column-is-layout-flow\" style=\"flex-basis:100%\">\n<p class=\"has-text-align-left\"><a href=\"https:\/\/bpp.umw.edu.pl\/bpp\/rekord\/37,90964\/\">Nutritional and care problems in infants with lactose intolerance = Problemy \u017cywieniowe i piel\u0119gnacyjne u niemowl\u0105t z nietolerancj\u0105 laktozy.&nbsp;[AUT. KORESP.] KINGA TU\u0141ACZ, [AUT.] ANNA ROZENSZTRAUCH, MARTA BERGHAUSEN-MAZUR.&nbsp;<em>Piel\u0119gniarstwo XXI wieku<\/em>&nbsp;2020 Vol.19 no.4 s.221-227, tab., bibliogr. 8 poz., streszcz., summ. DOI: 10.2478\/pielxxiw-2020-0030<\/a><\/p>\n\n\n\n<div style=\"height:15px\" aria-hidden=\"true\" class=\"wp-block-spacer\"><\/div>\n<\/div>\n<\/div>\n\n\n\n<div style=\"height:15px\" aria-hidden=\"true\" class=\"wp-block-spacer\"><\/div>\n\n\n\n<hr class=\"wp-block-separator has-alpha-channel-opacity is-style-wide\"\/>\n\n\n\n<div style=\"height:36px\" aria-hidden=\"true\" class=\"wp-block-spacer\"><\/div>\n<\/div>\n\n\n\n<div class=\"wp-block-columns is-layout-flex wp-container-core-columns-is-layout-9d6595d7 wp-block-columns-is-layout-flex\">\n<div class=\"wp-block-column is-layout-flow wp-block-column-is-layout-flow\" style=\"flex-basis:100%\">\n<p><a href=\"https:\/\/bpp.umw.edu.pl\/bpp\/rekord\/39,90055\/\">Problemy opieki piel\u0119gniarskiej nad dzieckiem z zespo\u0142em Pradera-Williego &#8211; opis przypadku (Problems of nursing care of children with Prader and Willi syndrome &#8211; case report).&nbsp;[AUT.] PAULINA P\u0141OWIK, KINGA TU\u0141ACZ, AGNIESZKA SZAFRA\u0143SKA. W: Badania naukowe w piel\u0119gniarstwie i po\u0142o\u017cnictwie. T.7 Wroc\u0142aw 2020, Wydawnictwo Continuo, s.391-404, bibliogr. 14 poz., streszcz., summ, 978-83-62182-87-9.<\/a><\/p>\n\n\n\n<div style=\"height:15px\" aria-hidden=\"true\" class=\"wp-block-spacer\"><\/div>\n<\/div>\n<\/div>\n","protected":false},"excerpt":{"rendered":"<p>Kilka s\u0142\u00f3w o mnie Po\u0142o\u017cn\u0105 jestem od 2010 roku. Od tego czasu wspieram przysz\u0142e i m\u0142ode mamy w macierzy\u0144stwie. Do\u015bwiadczenie zawodowe zdobywa\u0142am pracuj\u0105c w szpitalu na oddziale neonatologicznym oraz po\u0142o\u017cniczym, a tak\u017ce w \u017c\u0142obku. Od kilku lat zajmuj\u0119 stanowisko wyk\u0142adowcy na Uniwersytecie Medycznym we Wroc\u0142awiu oraz pracuje jako po\u0142o\u017cna \u015brodowiskowa w przychodni Pro-med. Posiadam tytu\u0142 Certyfikowanego Doradcy Laktacyjnego, kt\u00f3ry zwie\u0144czy\u0142<span class=\"more-dots\">&#8230;<\/span><\/p>\n","protected":false},"author":1,"featured_media":0,"parent":0,"menu_order":0,"comment_status":"closed","ping_status":"closed","template":"","meta":{"footnotes":""},"class_list":["post-44","page","type-page","status-publish","hentry","no-post-thumbnail"],"_links":{"self":[{"href":"https:\/\/cdlkingatulacz.pl\/index.php\/wp-json\/wp\/v2\/pages\/44","targetHints":{"allow":["GET"]}}],"collection":[{"href":"https:\/\/cdlkingatulacz.pl\/index.php\/wp-json\/wp\/v2\/pages"}],"about":[{"href":"https:\/\/cdlkingatulacz.pl\/index.php\/wp-json\/wp\/v2\/types\/page"}],"author":[{"embeddable":true,"href":"https:\/\/cdlkingatulacz.pl\/index.php\/wp-json\/wp\/v2\/users\/1"}],"replies":[{"embeddable":true,"href":"https:\/\/cdlkingatulacz.pl\/index.php\/wp-json\/wp\/v2\/comments?post=44"}],"version-history":[{"count":8,"href":"https:\/\/cdlkingatulacz.pl\/index.php\/wp-json\/wp\/v2\/pages\/44\/revisions"}],"predecessor-version":[{"id":146,"href":"https:\/\/cdlkingatulacz.pl\/index.php\/wp-json\/wp\/v2\/pages\/44\/revisions\/146"}],"wp:attachment":[{"href":"https:\/\/cdlkingatulacz.pl\/index.php\/wp-json\/wp\/v2\/media?parent=44"}],"curies":[{"name":"wp","href":"https:\/\/api.w.org\/{rel}","templated":true}]}}